{"id":2,"date":"2024-03-17T11:35:37","date_gmt":"2024-03-17T10:35:37","guid":{"rendered":"http:\/\/local-editions.fr\/?page_id=2"},"modified":"2025-12-20T12:07:52","modified_gmt":"2025-12-20T11:07:52","slug":"page-d-exemple","status":"publish","type":"page","link":"https:\/\/local-editions.fr\/?page_id=2","title":{"rendered":"A Propos"},"content":{"rendered":"\n<p>Association 1901, le <strong>LOCAL <\/strong>(Lien Oleronnais pour la Culture, l\u2019Animation et les Loisirs) a \u00e9t\u00e9 cr\u00e9\u00e9 en 1982.\u00a0<\/p>\n\n\n\n<p>Les objectifs d\u2019origine sont toujours les fers de lance de l\u2019association au travers de ses deux sections :&nbsp;<\/p>\n\n\n\n<p><strong>Eldo\u2019Plus <\/strong>assure depuis fin 1982 l\u2019exploitation de cin\u00e9mas, avec aujourd\u2019hui trois salles \u00e0 St-Pierre, <strong>L\u2019ELDORADO<\/strong>, et une \u00e0 Marennes, <strong>L\u2019ESTRAN. <\/strong>Elles sont toutes class\u00e9es <strong>Art et Essai <\/strong>avec, en plus, les trois labels compl\u00e9mentaires, <em>Recherche et D\u00e9couverte<\/em>, <em>Jeune Public, <\/em>et <em>Patrimoine et R\u00e9pertoire, <\/em>ce qui est plut\u00f4t rare. La section compte environ 1 000 adh\u00e9rents avec une quarantaine de b\u00e9n\u00e9voles et 6 salari\u00e9s \u00e0 temps plein.&nbsp;<\/p>\n\n\n\n<p><strong>\u00c9tud\u2019Plus <\/strong>a publi\u00e9 24 num\u00e9ros de la revue <strong>LES CAHIERS D\u2019OLERON <\/strong>dont presque tous les num\u00e9ros sont toujours disponibles (certains ont \u00e9t\u00e9 r\u00e9\u00e9dit\u00e9s plusieurs fois).&nbsp;<\/p>\n\n\n\n<p>Cette revue souvent lou\u00e9e pour sa qualit\u00e9 et son s\u00e9rieux constitue un fonds patrimonial pr\u00e9cieux. Les \u00e9tudes publi\u00e9es sont toujours le r\u00e9sultat d\u2019ann\u00e9es de recherches par des sp\u00e9cialistes intimement li\u00e9s \u00e0 notre territoire insulaire. Andr\u00e9 Artur pour le chemin de fer, G\u00e9rard Chagneau pour le Fort Boyard ou pour Pierre Loti, les agents de l\u2019ONF (Yvan Bertali, Claude Dauge) et les naturalistes oleronnais pour la tr\u00e8s novatrice publication sur la dune et la for\u00eat, les viticulteurs pour leur remarquable \u00e9tude sur la vigne, Jean Bodiou et les animateurs du foyer Rural de Saint-Denis pour les \u00e9tudes sur Antioche et sur le port de Saint-Denis, Yves Rebouleau et No\u00ebl Escudier pour leur apport \u00e0 une meilleure connaissance de l\u2019architecture oleronnaise\u2026, ces publications comme toutes les autres constituent autant de sources de r\u00e9f\u00e9rence qui int\u00e9ressent bien au-del\u00e0 de notre \u00eele et en constituent des ambassadeurs incontournables.&nbsp;<\/p>\n\n\n\n<p>Cette collection des <strong>Cahiers d\u2019Oleron <\/strong>(qui ne demande qu\u2019\u00e0 \u00eatre poursuivie) a \u00e9t\u00e9 compl\u00e9t\u00e9e par une trentaine d\u2019ouvrages, autant de pierres qui viennent conforter cet \u00e9difice.&nbsp;<\/p>\n\n\n\n<p>Parall\u00e8lement, <strong>LOCAL Editions<\/strong> \u00e9dite, ou r\u00e9-\u00e9dite, et diffuse des ouvrages consacr\u00e9s \u00e0 l&#8217;histoire et au patrimoine insulaire.<\/p>\n\n\n\n<p>En parall\u00e8le, le <strong>LOCAL <\/strong>g\u00e8re et met \u00e0 la disposition du public un fonds de documentation qui traite de tous les aspects de la vie et du patrimoine insulaire.&nbsp;<\/p>\n\n\n\n<p>En octobre 2021, l\u2019action culturelle du <strong>LOCAL <\/strong>a \u00e9t\u00e9 prim\u00e9e par <strong>l\u2019<\/strong><strong><em>Acad\u00e9mie de Saintonge <\/em><\/strong>qui a remis \u00e0 G\u00e9rard et Philippe Chagneau son <strong><em>Prix de l\u2019\u00eele d\u2019Oleron<\/em><\/strong><em>, <\/em>le premier du nom, dot\u00e9 par la <strong>Communaut\u00e9 de Communes de l\u2019\u00eele d\u2019Oleron<\/strong>.&nbsp;<\/p>\n\n\n\n<p><\/p>\n","protected":false},"excerpt":{"rendered":"<p>Association 1901, le LOCAL (Lien Oleronnais pour la Culture, l\u2019Animation et les Loisirs) a \u00e9t\u00e9 cr\u00e9\u00e9 en 1982.\u00a0 Les objectifs d\u2019origine sont toujours les fers de lance de l\u2019association au travers de ses deux sections :&nbsp; Eldo\u2019Plus assure depuis fin 1982 l\u2019exploitation de cin\u00e9mas, avec aujourd\u2019hui trois salles \u00e0 St-Pierre, L\u2019ELDORADO, et une \u00e0 Marennes, [&hellip;]<\/p>\n","protected":false},"author":1,"featured_media":0,"parent":0,"menu_order":0,"comment_status":"closed","ping_status":"open","template":"","meta":{"_kadence_starter_templates_imported_post":false,"footnotes":""},"class_list":["post-2","page","type-page","status-publish","hentry"],"_links":{"self":[{"href":"https:\/\/local-editions.fr\/index.php?rest_route=\/wp\/v2\/pages\/2","targetHints":{"allow":["GET"]}}],"collection":[{"href":"https:\/\/local-editions.fr\/index.php?rest_route=\/wp\/v2\/pages"}],"about":[{"href":"https:\/\/local-editions.fr\/index.php?rest_route=\/wp\/v2\/types\/page"}],"author":[{"embeddable":true,"href":"https:\/\/local-editions.fr\/index.php?rest_route=\/wp\/v2\/users\/1"}],"replies":[{"embeddable":true,"href":"https:\/\/local-editions.fr\/index.php?rest_route=%2Fwp%2Fv2%2Fcomments&post=2"}],"version-history":[{"count":3,"href":"https:\/\/local-editions.fr\/index.php?rest_route=\/wp\/v2\/pages\/2\/revisions"}],"predecessor-version":[{"id":44,"href":"https:\/\/local-editions.fr\/index.php?rest_route=\/wp\/v2\/pages\/2\/revisions\/44"}],"wp:attachment":[{"href":"https:\/\/local-editions.fr\/index.php?rest_route=%2Fwp%2Fv2%2Fmedia&parent=2"}],"curies":[{"name":"wp","href":"https:\/\/api.w.org\/{rel}","templated":true}]}}